{"id":3237,"date":"2021-10-08T13:13:54","date_gmt":"2021-10-08T11:13:54","guid":{"rendered":"https:\/\/www.optimarti.com\/miltecar\/?post_type=product&#038;p=3237"},"modified":"2021-10-21T15:35:29","modified_gmt":"2021-10-21T13:35:29","slug":"ll-803","status":"publish","type":"product","link":"https:\/\/www.optimarti.com\/miltecar\/producto\/ll-803\/","title":{"rendered":"LL 803"},"content":{"rendered":"","protected":false},"excerpt":{"rendered":"<p>Es un potente limpiador neutro concentrado especialmente formulado para la limpieza de llantas de aluminio, pintadas y cromadas. Tambi\u00e9n es muy eficaz para la eliminaci\u00f3n de mosquitos, grasas, aceites, etc.<\/p>\n<p><strong>Aplicaciones:<\/strong> Pulverizar directamente sobre la superficie, dejar actuar unos segundos y aclarar con presi\u00f3n de agua en todos los casos. En caso de no tener presi\u00f3n de agua ayudar con cepillo o pa\u00f1o y a continuaci\u00f3n aclarar.<\/p>\n<p>Presentaci\u00f3n: 500 Ml<\/p>\n","protected":false},"featured_media":3427,"template":"","meta":[],"product_cat":[64],"product_tag":[],"class_list":{"0":"post-3237","1":"product","2":"type-product","3":"status-publish","4":"has-post-thumbnail","6":"product_cat-productos-de-limpieza-para-coches"},"_links":{"self":[{"href":"https:\/\/www.optimarti.com\/miltecar\/wp-json\/wp\/v2\/product\/3237","targetHints":{"allow":["GET"]}}],"collection":[{"href":"https:\/\/www.optimarti.com\/miltecar\/wp-json\/wp\/v2\/product"}],"about":[{"href":"https:\/\/www.optimarti.com\/miltecar\/wp-json\/wp\/v2\/types\/product"}],"wp:featuredmedia":[{"embeddable":true,"href":"https:\/\/www.optimarti.com\/miltecar\/wp-json\/wp\/v2\/media\/3427"}],"wp:attachment":[{"href":"https:\/\/www.optimarti.com\/miltecar\/wp-json\/wp\/v2\/media?parent=3237"}],"wp:term":[{"taxonomy":"product_cat","embeddable":true,"href":"https:\/\/www.optimarti.com\/miltecar\/wp-json\/wp\/v2\/product_cat?post=3237"},{"taxonomy":"product_tag","embeddable":true,"href":"https:\/\/www.optimarti.com\/miltecar\/wp-json\/wp\/v2\/product_tag?post=3237"}],"curies":[{"name":"wp","href":"https:\/\/api.w.org\/{rel}","templated":true}]}}