{"id":3241,"date":"2021-10-11T11:41:39","date_gmt":"2021-10-11T09:41:39","guid":{"rendered":"https:\/\/www.optimarti.com\/miltecar\/?post_type=product&#038;p=3241"},"modified":"2021-10-21T15:35:17","modified_gmt":"2021-10-21T13:35:17","slug":"ll-805","status":"publish","type":"product","link":"https:\/\/www.optimarti.com\/miltecar\/producto\/ll-805\/","title":{"rendered":"LT 805"},"content":{"rendered":"","protected":false},"excerpt":{"rendered":"<p class=\"p1\">Dise\u00f1ado para la limpieza de todo tipo de tejidos, pl\u00e1sticos, pinturas, etc. Es un producto con un PH muy bajo, nos ayuda en una limpieza a fondo aport\u00e1ndonos renovaci\u00f3n de colores y pomposidad de los tejidos como el primer d\u00eda. Producto necesario para la limpieza de piel y cuero para no modificar el ph del mismo y no causar un da\u00f1o irreversible en este tipo de tejidos. Tambi\u00e9n es altamente eficaz en los techos para eliminar suciedades y humos con previa revisi\u00f3n ocular de su estado para evitar descolgamientos.<\/p>\n<p><strong>Aplicaciones: <\/strong>Aplicar sobre la superficie, dejar actuar unos segundos y frotar con una bayeta h\u00fameda, no necesita aclarado. En el caso de techos aplicar una capa muy fina de producto y frotar con una bayeta seca en c\u00edrculos sin hacer presi\u00f3n.<\/p>\n<p>Presentaci\u00f3n: 500 Ml<\/p>\n","protected":false},"featured_media":3431,"template":"","meta":[],"product_cat":[64],"product_tag":[],"class_list":{"0":"post-3241","1":"product","2":"type-product","3":"status-publish","4":"has-post-thumbnail","6":"product_cat-productos-de-limpieza-para-coches"},"_links":{"self":[{"href":"https:\/\/www.optimarti.com\/miltecar\/wp-json\/wp\/v2\/product\/3241","targetHints":{"allow":["GET"]}}],"collection":[{"href":"https:\/\/www.optimarti.com\/miltecar\/wp-json\/wp\/v2\/product"}],"about":[{"href":"https:\/\/www.optimarti.com\/miltecar\/wp-json\/wp\/v2\/types\/product"}],"wp:featuredmedia":[{"embeddable":true,"href":"https:\/\/www.optimarti.com\/miltecar\/wp-json\/wp\/v2\/media\/3431"}],"wp:attachment":[{"href":"https:\/\/www.optimarti.com\/miltecar\/wp-json\/wp\/v2\/media?parent=3241"}],"wp:term":[{"taxonomy":"product_cat","embeddable":true,"href":"https:\/\/www.optimarti.com\/miltecar\/wp-json\/wp\/v2\/product_cat?post=3241"},{"taxonomy":"product_tag","embeddable":true,"href":"https:\/\/www.optimarti.com\/miltecar\/wp-json\/wp\/v2\/product_tag?post=3241"}],"curies":[{"name":"wp","href":"https:\/\/api.w.org\/{rel}","templated":true}]}}