{"id":3242,"date":"2021-10-11T11:43:09","date_gmt":"2021-10-11T09:43:09","guid":{"rendered":"https:\/\/www.optimarti.com\/miltecar\/?post_type=product&#038;p=3242"},"modified":"2021-10-21T15:35:05","modified_gmt":"2021-10-21T13:35:05","slug":"af-806","status":"publish","type":"product","link":"https:\/\/www.optimarti.com\/miltecar\/producto\/af-806\/","title":{"rendered":"AF 806"},"content":{"rendered":"","protected":false},"excerpt":{"rendered":"<p class=\"p1\">Producto dise\u00f1ado para un acabado brillante del veh\u00edculo, repele el polvo, protege de condiciones metereol\u00f3gicas extremas y se aplica f\u00e1cilmente.<\/p>\n<p><strong>Aplicaciones: <\/strong>Pulverizar la superficie y a continuaci\u00f3n extender con una bayeta de microfibra hasta que el producto se adhiera a la superficie, con otra bayeta seca sacar brillo. La superficie debe estar seca y limpia para esta aplicaci\u00f3n.<\/p>\n<p>Presentaci\u00f3n: 500 Ml<\/p>\n","protected":false},"featured_media":3429,"template":"","meta":[],"product_cat":[64],"product_tag":[],"class_list":{"0":"post-3242","1":"product","2":"type-product","3":"status-publish","4":"has-post-thumbnail","6":"product_cat-productos-de-limpieza-para-coches"},"_links":{"self":[{"href":"https:\/\/www.optimarti.com\/miltecar\/wp-json\/wp\/v2\/product\/3242","targetHints":{"allow":["GET"]}}],"collection":[{"href":"https:\/\/www.optimarti.com\/miltecar\/wp-json\/wp\/v2\/product"}],"about":[{"href":"https:\/\/www.optimarti.com\/miltecar\/wp-json\/wp\/v2\/types\/product"}],"wp:featuredmedia":[{"embeddable":true,"href":"https:\/\/www.optimarti.com\/miltecar\/wp-json\/wp\/v2\/media\/3429"}],"wp:attachment":[{"href":"https:\/\/www.optimarti.com\/miltecar\/wp-json\/wp\/v2\/media?parent=3242"}],"wp:term":[{"taxonomy":"product_cat","embeddable":true,"href":"https:\/\/www.optimarti.com\/miltecar\/wp-json\/wp\/v2\/product_cat?post=3242"},{"taxonomy":"product_tag","embeddable":true,"href":"https:\/\/www.optimarti.com\/miltecar\/wp-json\/wp\/v2\/product_tag?post=3242"}],"curies":[{"name":"wp","href":"https:\/\/api.w.org\/{rel}","templated":true}]}}