{"id":3245,"date":"2021-10-11T11:50:22","date_gmt":"2021-10-11T09:50:22","guid":{"rendered":"https:\/\/www.optimarti.com\/miltecar\/?post_type=product&#038;p=3245"},"modified":"2021-10-21T15:33:59","modified_gmt":"2021-10-21T13:33:59","slug":"dc-802","status":"publish","type":"product","link":"https:\/\/www.optimarti.com\/miltecar\/producto\/dc-802\/","title":{"rendered":"DC 802"},"content":{"rendered":"","protected":false},"excerpt":{"rendered":"<p class=\"p1\">Formulado para el lavado de veh\u00edculos con un alto grado de suciedad, mosquitos, aceites, etc. Su formula \u00fanica con cera carnauba aporta brillo aparte de un lavado de alta calidad.<\/p>\n<p><strong>Aplicaciones: <\/strong>Enjuagar previamente el veh\u00edculo para eliminar polvo y suciedad superficial. Aplicar un poco de producto en un recipiente con agua y frotar con una esponja o cepillo, lavar el coche por secciones aclarando a continuaci\u00f3n la misma con agua, el coche debe de estar fr\u00edo para que el lavado sea de calidad y no da\u00f1ar ning\u00fan material como pueden ser cromados.<\/p>\n<p>Presentaci\u00f3n: 500 Ml<\/p>\n","protected":false},"featured_media":3425,"template":"","meta":[],"product_cat":[64],"product_tag":[],"class_list":{"0":"post-3245","1":"product","2":"type-product","3":"status-publish","4":"has-post-thumbnail","6":"product_cat-productos-de-limpieza-para-coches"},"_links":{"self":[{"href":"https:\/\/www.optimarti.com\/miltecar\/wp-json\/wp\/v2\/product\/3245","targetHints":{"allow":["GET"]}}],"collection":[{"href":"https:\/\/www.optimarti.com\/miltecar\/wp-json\/wp\/v2\/product"}],"about":[{"href":"https:\/\/www.optimarti.com\/miltecar\/wp-json\/wp\/v2\/types\/product"}],"wp:featuredmedia":[{"embeddable":true,"href":"https:\/\/www.optimarti.com\/miltecar\/wp-json\/wp\/v2\/media\/3425"}],"wp:attachment":[{"href":"https:\/\/www.optimarti.com\/miltecar\/wp-json\/wp\/v2\/media?parent=3245"}],"wp:term":[{"taxonomy":"product_cat","embeddable":true,"href":"https:\/\/www.optimarti.com\/miltecar\/wp-json\/wp\/v2\/product_cat?post=3245"},{"taxonomy":"product_tag","embeddable":true,"href":"https:\/\/www.optimarti.com\/miltecar\/wp-json\/wp\/v2\/product_tag?post=3245"}],"curies":[{"name":"wp","href":"https:\/\/api.w.org\/{rel}","templated":true}]}}