{"id":3247,"date":"2021-10-11T11:56:59","date_gmt":"2021-10-11T09:56:59","guid":{"rendered":"https:\/\/www.optimarti.com\/miltecar\/?post_type=product&#038;p=3247"},"modified":"2021-10-21T15:33:29","modified_gmt":"2021-10-21T13:33:29","slug":"cc-100","status":"publish","type":"product","link":"https:\/\/www.optimarti.com\/miltecar\/producto\/cc-100\/","title":{"rendered":"CC 100"},"content":{"rendered":"","protected":false},"excerpt":{"rendered":"<p class=\"p1\">Formulado para el lavado de veh\u00edculos con alta concentraci\u00f3n de cera carnauba. Con un ph neutro aporta gran eficiencia de lavado y una protecci\u00f3n extra para nuestra pintura as\u00ed como para mantener larga vida en los materiales pl\u00e1sticos. La cera natural protege de sol, lluvia, etc. La continuidad en el uso de este producto har\u00e1 que el veh\u00edculo brille como el primer d\u00eda. Se puede usar conjuntamente con nuestro detergente con cera haciendo un lavado con el detergente para descontaminar y tres con el champ\u00fa para mantener.<\/p>\n<p><strong>Aplicaciones: <\/strong>Enjuagar previamente el veh\u00edculo para eliminar polvo y suciedad superficial. Aplicar un poco de producto en un recipiente con agua y frotar la superficie con esponja o cepillo, a continuaci\u00f3n aclarar con agua.<\/p>\n<p>Presentaci\u00f3n: 500 Ml<\/p>\n","protected":false},"featured_media":3423,"template":"","meta":[],"product_cat":[64],"product_tag":[],"class_list":{"0":"post-3247","1":"product","2":"type-product","3":"status-publish","4":"has-post-thumbnail","6":"product_cat-productos-de-limpieza-para-coches"},"_links":{"self":[{"href":"https:\/\/www.optimarti.com\/miltecar\/wp-json\/wp\/v2\/product\/3247","targetHints":{"allow":["GET"]}}],"collection":[{"href":"https:\/\/www.optimarti.com\/miltecar\/wp-json\/wp\/v2\/product"}],"about":[{"href":"https:\/\/www.optimarti.com\/miltecar\/wp-json\/wp\/v2\/types\/product"}],"wp:featuredmedia":[{"embeddable":true,"href":"https:\/\/www.optimarti.com\/miltecar\/wp-json\/wp\/v2\/media\/3423"}],"wp:attachment":[{"href":"https:\/\/www.optimarti.com\/miltecar\/wp-json\/wp\/v2\/media?parent=3247"}],"wp:term":[{"taxonomy":"product_cat","embeddable":true,"href":"https:\/\/www.optimarti.com\/miltecar\/wp-json\/wp\/v2\/product_cat?post=3247"},{"taxonomy":"product_tag","embeddable":true,"href":"https:\/\/www.optimarti.com\/miltecar\/wp-json\/wp\/v2\/product_tag?post=3247"}],"curies":[{"name":"wp","href":"https:\/\/api.w.org\/{rel}","templated":true}]}}