{"id":3250,"date":"2021-10-11T12:04:11","date_gmt":"2021-10-11T10:04:11","guid":{"rendered":"https:\/\/www.optimarti.com\/miltecar\/?post_type=product&#038;p=3250"},"modified":"2021-10-21T15:32:14","modified_gmt":"2021-10-21T13:32:14","slug":"premuim-ch-acid-auto","status":"publish","type":"product","link":"https:\/\/www.optimarti.com\/miltecar\/producto\/premuim-ch-acid-auto\/","title":{"rendered":"Premuim CH Acid Auto"},"content":{"rendered":"","protected":false},"excerpt":{"rendered":"<p class=\"p1\">Detergente \u00e1cido con elevado efecto humectante, detergente y desengrasante, especialmente dise\u00f1ado para la limpieza de carrocer\u00edas y veh\u00edculos de transporte. Su gran efecto humectante hace que sea un producto ideal para ser utilizado como champ\u00fa en t\u00faneles y puentes de lavado, tanto de coches como de veh\u00edculos de transporte.<\/p>\n<p>Aplicaciones: Se aplicar\u00e1 mediante bomba dosificadora entre el 5 y el 10%.<\/p>\n<p>Presentaci\u00f3n: 20 Kg<\/p>\n","protected":false},"featured_media":3420,"template":"","meta":[],"product_cat":[65,77,67],"product_tag":[],"class_list":{"0":"post-3250","1":"product","2":"type-product","3":"status-publish","4":"has-post-thumbnail","6":"product_cat-productos-de-limpieza-industriales-para-coches","7":"product_cat-productos-industriales-para-lavado-automatico-puente-y-tunel-de-lavado","8":"product_cat-productos-de-lavado-para-coches"},"_links":{"self":[{"href":"https:\/\/www.optimarti.com\/miltecar\/wp-json\/wp\/v2\/product\/3250","targetHints":{"allow":["GET"]}}],"collection":[{"href":"https:\/\/www.optimarti.com\/miltecar\/wp-json\/wp\/v2\/product"}],"about":[{"href":"https:\/\/www.optimarti.com\/miltecar\/wp-json\/wp\/v2\/types\/product"}],"wp:featuredmedia":[{"embeddable":true,"href":"https:\/\/www.optimarti.com\/miltecar\/wp-json\/wp\/v2\/media\/3420"}],"wp:attachment":[{"href":"https:\/\/www.optimarti.com\/miltecar\/wp-json\/wp\/v2\/media?parent=3250"}],"wp:term":[{"taxonomy":"product_cat","embeddable":true,"href":"https:\/\/www.optimarti.com\/miltecar\/wp-json\/wp\/v2\/product_cat?post=3250"},{"taxonomy":"product_tag","embeddable":true,"href":"https:\/\/www.optimarti.com\/miltecar\/wp-json\/wp\/v2\/product_tag?post=3250"}],"curies":[{"name":"wp","href":"https:\/\/api.w.org\/{rel}","templated":true}]}}