{"id":3253,"date":"2021-10-11T12:11:19","date_gmt":"2021-10-11T10:11:19","guid":{"rendered":"https:\/\/www.optimarti.com\/miltecar\/?post_type=product&#038;p=3253"},"modified":"2021-10-21T15:31:16","modified_gmt":"2021-10-21T13:31:16","slug":"premium-es-activa","status":"publish","type":"product","link":"https:\/\/www.optimarti.com\/miltecar\/producto\/premium-es-activa\/","title":{"rendered":"Premium ES Activa"},"content":{"rendered":"","protected":false},"excerpt":{"rendered":"<p class=\"p1\">Espuma activa indicada para las aplicaciones de cortina de espuma en puentes y t\u00fanel de lavado. Aporta un gran poder de limpieza y una espuma de gran calidad de humectaci\u00f3n que facilita el lavado del veh\u00edculo.<\/p>\n<p>Aplicaciones: Se aplicar\u00e1 mediante bomba dosificadora entre el 5 y el 10%.<\/p>\n<p>Presentaci\u00f3n: 20 Kg<\/p>\n","protected":false},"featured_media":3444,"template":"","meta":[],"product_cat":[65,77,67],"product_tag":[],"class_list":{"0":"post-3253","1":"product","2":"type-product","3":"status-publish","4":"has-post-thumbnail","6":"product_cat-productos-de-limpieza-industriales-para-coches","7":"product_cat-productos-industriales-para-lavado-automatico-puente-y-tunel-de-lavado","8":"product_cat-productos-de-lavado-para-coches"},"_links":{"self":[{"href":"https:\/\/www.optimarti.com\/miltecar\/wp-json\/wp\/v2\/product\/3253","targetHints":{"allow":["GET"]}}],"collection":[{"href":"https:\/\/www.optimarti.com\/miltecar\/wp-json\/wp\/v2\/product"}],"about":[{"href":"https:\/\/www.optimarti.com\/miltecar\/wp-json\/wp\/v2\/types\/product"}],"wp:featuredmedia":[{"embeddable":true,"href":"https:\/\/www.optimarti.com\/miltecar\/wp-json\/wp\/v2\/media\/3444"}],"wp:attachment":[{"href":"https:\/\/www.optimarti.com\/miltecar\/wp-json\/wp\/v2\/media?parent=3253"}],"wp:term":[{"taxonomy":"product_cat","embeddable":true,"href":"https:\/\/www.optimarti.com\/miltecar\/wp-json\/wp\/v2\/product_cat?post=3253"},{"taxonomy":"product_tag","embeddable":true,"href":"https:\/\/www.optimarti.com\/miltecar\/wp-json\/wp\/v2\/product_tag?post=3253"}],"curies":[{"name":"wp","href":"https:\/\/api.w.org\/{rel}","templated":true}]}}