{"id":3267,"date":"2021-10-11T12:39:48","date_gmt":"2021-10-11T10:39:48","guid":{"rendered":"https:\/\/www.optimarti.com\/miltecar\/?post_type=product&#038;p=3267"},"modified":"2021-10-21T15:26:44","modified_gmt":"2021-10-21T13:26:44","slug":"premium-mpa","status":"publish","type":"product","link":"https:\/\/www.optimarti.com\/miltecar\/producto\/premium-mpa\/","title":{"rendered":"Premium MPA"},"content":{"rendered":"","protected":false},"excerpt":{"rendered":"<p class=\"p1\">Limpiador \u00e1cido para mamparas, superficies de t\u00faneles de lavado, azulejos, etc. Elimina manchas y dep\u00f3sitos calc\u00e1reos.<\/p>\n<p>Aplicaciones: Se aplicar\u00e1 mediante bomba dosificadora a una dosificaci\u00f3n recomendada del 20 al 30%.<\/p>\n<p>Presentaci\u00f3n: 20 Kg<\/p>\n","protected":false},"featured_media":3405,"template":"","meta":[],"product_cat":[65,78,82],"product_tag":[],"class_list":{"0":"post-3267","1":"product","2":"type-product","3":"status-publish","4":"has-post-thumbnail","6":"product_cat-productos-de-limpieza-industriales-para-coches","7":"product_cat-productos-para-el-lavado-a-presion-de-coches","8":"product_cat-instalaciones"},"_links":{"self":[{"href":"https:\/\/www.optimarti.com\/miltecar\/wp-json\/wp\/v2\/product\/3267","targetHints":{"allow":["GET"]}}],"collection":[{"href":"https:\/\/www.optimarti.com\/miltecar\/wp-json\/wp\/v2\/product"}],"about":[{"href":"https:\/\/www.optimarti.com\/miltecar\/wp-json\/wp\/v2\/types\/product"}],"wp:featuredmedia":[{"embeddable":true,"href":"https:\/\/www.optimarti.com\/miltecar\/wp-json\/wp\/v2\/media\/3405"}],"wp:attachment":[{"href":"https:\/\/www.optimarti.com\/miltecar\/wp-json\/wp\/v2\/media?parent=3267"}],"wp:term":[{"taxonomy":"product_cat","embeddable":true,"href":"https:\/\/www.optimarti.com\/miltecar\/wp-json\/wp\/v2\/product_cat?post=3267"},{"taxonomy":"product_tag","embeddable":true,"href":"https:\/\/www.optimarti.com\/miltecar\/wp-json\/wp\/v2\/product_tag?post=3267"}],"curies":[{"name":"wp","href":"https:\/\/api.w.org\/{rel}","templated":true}]}}