{"id":3270,"date":"2021-10-11T12:58:46","date_gmt":"2021-10-11T10:58:46","guid":{"rendered":"https:\/\/www.optimarti.com\/miltecar\/?post_type=product&#038;p=3270"},"modified":"2021-10-21T15:25:40","modified_gmt":"2021-10-21T13:25:40","slug":"premium-clean-cera-auto","status":"publish","type":"product","link":"https:\/\/www.optimarti.com\/miltecar\/producto\/premium-clean-cera-auto\/","title":{"rendered":"Premium Clean Cera Auto"},"content":{"rendered":"","protected":false},"excerpt":{"rendered":"<p class=\"p1\">Detergente alcalino concentrado con alto brillo y poder de secado indicado para el lavado manual. CONTIENE CERA CARNAUBA.<\/p>\n<p>Aplicaciones: Se aplicar\u00e1 mediante Venturi o equipos de generaci\u00f3n de espuma. Tambi\u00e9n es recomendable utilizar en cubo mediante cepillo o guante de lavado, la dosificaci\u00f3n oscilara entre el 5 y el 10% seg\u00fan suciedad a limpiar.<\/p>\n<p>Presentaci\u00f3n: 20 Kg<\/p>\n","protected":false},"featured_media":3403,"template":"","meta":[],"product_cat":[65,79,67],"product_tag":[],"class_list":{"0":"post-3270","1":"product","2":"type-product","3":"status-publish","4":"has-post-thumbnail","6":"product_cat-productos-de-limpieza-industriales-para-coches","7":"product_cat-productos-industriales-para-el-lavado-manual-de-coches","8":"product_cat-productos-de-lavado-para-coches"},"_links":{"self":[{"href":"https:\/\/www.optimarti.com\/miltecar\/wp-json\/wp\/v2\/product\/3270","targetHints":{"allow":["GET"]}}],"collection":[{"href":"https:\/\/www.optimarti.com\/miltecar\/wp-json\/wp\/v2\/product"}],"about":[{"href":"https:\/\/www.optimarti.com\/miltecar\/wp-json\/wp\/v2\/types\/product"}],"wp:featuredmedia":[{"embeddable":true,"href":"https:\/\/www.optimarti.com\/miltecar\/wp-json\/wp\/v2\/media\/3403"}],"wp:attachment":[{"href":"https:\/\/www.optimarti.com\/miltecar\/wp-json\/wp\/v2\/media?parent=3270"}],"wp:term":[{"taxonomy":"product_cat","embeddable":true,"href":"https:\/\/www.optimarti.com\/miltecar\/wp-json\/wp\/v2\/product_cat?post=3270"},{"taxonomy":"product_tag","embeddable":true,"href":"https:\/\/www.optimarti.com\/miltecar\/wp-json\/wp\/v2\/product_tag?post=3270"}],"curies":[{"name":"wp","href":"https:\/\/api.w.org\/{rel}","templated":true}]}}