{"id":3276,"date":"2021-10-11T13:08:38","date_gmt":"2021-10-11T11:08:38","guid":{"rendered":"https:\/\/www.optimarti.com\/miltecar\/?post_type=product&#038;p=3276"},"modified":"2021-10-21T15:23:33","modified_gmt":"2021-10-21T13:23:33","slug":"premium-oxi-auto","status":"publish","type":"product","link":"https:\/\/www.optimarti.com\/miltecar\/producto\/premium-oxi-auto\/","title":{"rendered":"Premium OXI Auto"},"content":{"rendered":"","protected":false},"excerpt":{"rendered":"<p class=\"p1\">Producto \u00e1cido especialmente indicado para la eliminaci\u00f3n de los residuos de \u00f3xido, salitre, poluci\u00f3n ambiental.<\/p>\n<p>Aplicaciones: Aplicar puro mediante sistema de pulverizaci\u00f3n una dosificaci\u00f3n a partir del 30%.<\/p>\n<p>Presentaci\u00f3n: 20 Kg<\/p>\n","protected":false},"featured_media":3397,"template":"","meta":[],"product_cat":[65,79,67],"product_tag":[],"class_list":{"0":"post-3276","1":"product","2":"type-product","3":"status-publish","4":"has-post-thumbnail","6":"product_cat-productos-de-limpieza-industriales-para-coches","7":"product_cat-productos-industriales-para-el-lavado-manual-de-coches","8":"product_cat-productos-de-lavado-para-coches"},"_links":{"self":[{"href":"https:\/\/www.optimarti.com\/miltecar\/wp-json\/wp\/v2\/product\/3276","targetHints":{"allow":["GET"]}}],"collection":[{"href":"https:\/\/www.optimarti.com\/miltecar\/wp-json\/wp\/v2\/product"}],"about":[{"href":"https:\/\/www.optimarti.com\/miltecar\/wp-json\/wp\/v2\/types\/product"}],"wp:featuredmedia":[{"embeddable":true,"href":"https:\/\/www.optimarti.com\/miltecar\/wp-json\/wp\/v2\/media\/3397"}],"wp:attachment":[{"href":"https:\/\/www.optimarti.com\/miltecar\/wp-json\/wp\/v2\/media?parent=3276"}],"wp:term":[{"taxonomy":"product_cat","embeddable":true,"href":"https:\/\/www.optimarti.com\/miltecar\/wp-json\/wp\/v2\/product_cat?post=3276"},{"taxonomy":"product_tag","embeddable":true,"href":"https:\/\/www.optimarti.com\/miltecar\/wp-json\/wp\/v2\/product_tag?post=3276"}],"curies":[{"name":"wp","href":"https:\/\/api.w.org\/{rel}","templated":true}]}}