{"id":3277,"date":"2021-10-11T13:11:02","date_gmt":"2021-10-11T11:11:02","guid":{"rendered":"https:\/\/www.optimarti.com\/miltecar\/?post_type=product&#038;p=3277"},"modified":"2021-10-21T15:23:16","modified_gmt":"2021-10-21T13:23:16","slug":"premium-par-auto","status":"publish","type":"product","link":"https:\/\/www.optimarti.com\/miltecar\/producto\/premium-par-auto\/","title":{"rendered":"Premium PAR Auto"},"content":{"rendered":"","protected":false},"excerpt":{"rendered":"<p class=\"p1\">Para la eliminaci\u00f3n de la parafina de todos los veh\u00edculos nuevos como coches, motocicletas y veh\u00edculos industriales.<\/p>\n<p>Aplicaciones: Aplicar puro mediante sistema de pulverizaci\u00f3n una dosificaci\u00f3n del 3 al 6%.<\/p>\n<p>Presentaci\u00f3n: 20 Kg<\/p>\n","protected":false},"featured_media":3396,"template":"","meta":[],"product_cat":[65,79,67],"product_tag":[],"class_list":{"0":"post-3277","1":"product","2":"type-product","3":"status-publish","4":"has-post-thumbnail","6":"product_cat-productos-de-limpieza-industriales-para-coches","7":"product_cat-productos-industriales-para-el-lavado-manual-de-coches","8":"product_cat-productos-de-lavado-para-coches"},"_links":{"self":[{"href":"https:\/\/www.optimarti.com\/miltecar\/wp-json\/wp\/v2\/product\/3277","targetHints":{"allow":["GET"]}}],"collection":[{"href":"https:\/\/www.optimarti.com\/miltecar\/wp-json\/wp\/v2\/product"}],"about":[{"href":"https:\/\/www.optimarti.com\/miltecar\/wp-json\/wp\/v2\/types\/product"}],"wp:featuredmedia":[{"embeddable":true,"href":"https:\/\/www.optimarti.com\/miltecar\/wp-json\/wp\/v2\/media\/3396"}],"wp:attachment":[{"href":"https:\/\/www.optimarti.com\/miltecar\/wp-json\/wp\/v2\/media?parent=3277"}],"wp:term":[{"taxonomy":"product_cat","embeddable":true,"href":"https:\/\/www.optimarti.com\/miltecar\/wp-json\/wp\/v2\/product_cat?post=3277"},{"taxonomy":"product_tag","embeddable":true,"href":"https:\/\/www.optimarti.com\/miltecar\/wp-json\/wp\/v2\/product_tag?post=3277"}],"curies":[{"name":"wp","href":"https:\/\/api.w.org\/{rel}","templated":true}]}}