{"id":3291,"date":"2021-10-11T13:44:54","date_gmt":"2021-10-11T11:44:54","guid":{"rendered":"https:\/\/www.optimarti.com\/miltecar\/?post_type=product&#038;p=3291"},"modified":"2021-10-21T15:15:12","modified_gmt":"2021-10-21T13:15:12","slug":"premium-clean-truck-2","status":"publish","type":"product","link":"https:\/\/www.optimarti.com\/miltecar\/producto\/premium-clean-truck-2\/","title":{"rendered":"Premium Clean Truck"},"content":{"rendered":"","protected":false},"excerpt":{"rendered":"<p class=\"p1\">Detergente concentrado indicado para el lavado de camiones y maquinaria pesada, producto de gran calidad para el prelavado de mosquitos.<\/p>\n<p>Aplicaciones: Se aplicar\u00e1 mediante Venturi o equipos de generaci\u00f3n de espuma. Tambi\u00e9n es recomendable utilizar en cubo mediante cepillo o guante de lavado, la dosificaci\u00f3n oscilara entre el 5 y el 10% seg\u00fan suciedad a limpiar.<\/p>\n<p>Presentaci\u00f3n: 20 Kg<\/p>\n","protected":false},"featured_media":3384,"template":"","meta":[],"product_cat":[65,80,67],"product_tag":[],"class_list":{"0":"post-3291","1":"product","2":"type-product","3":"status-publish","4":"has-post-thumbnail","6":"product_cat-productos-de-limpieza-industriales-para-coches","7":"product_cat-productos-industriales-para-el-lavado-de-coches","8":"product_cat-productos-de-lavado-para-coches"},"_links":{"self":[{"href":"https:\/\/www.optimarti.com\/miltecar\/wp-json\/wp\/v2\/product\/3291","targetHints":{"allow":["GET"]}}],"collection":[{"href":"https:\/\/www.optimarti.com\/miltecar\/wp-json\/wp\/v2\/product"}],"about":[{"href":"https:\/\/www.optimarti.com\/miltecar\/wp-json\/wp\/v2\/types\/product"}],"wp:featuredmedia":[{"embeddable":true,"href":"https:\/\/www.optimarti.com\/miltecar\/wp-json\/wp\/v2\/media\/3384"}],"wp:attachment":[{"href":"https:\/\/www.optimarti.com\/miltecar\/wp-json\/wp\/v2\/media?parent=3291"}],"wp:term":[{"taxonomy":"product_cat","embeddable":true,"href":"https:\/\/www.optimarti.com\/miltecar\/wp-json\/wp\/v2\/product_cat?post=3291"},{"taxonomy":"product_tag","embeddable":true,"href":"https:\/\/www.optimarti.com\/miltecar\/wp-json\/wp\/v2\/product_tag?post=3291"}],"curies":[{"name":"wp","href":"https:\/\/api.w.org\/{rel}","templated":true}]}}