{"id":3292,"date":"2021-10-11T13:47:38","date_gmt":"2021-10-11T11:47:38","guid":{"rendered":"https:\/\/www.optimarti.com\/miltecar\/?post_type=product&#038;p=3292"},"modified":"2021-10-21T15:14:23","modified_gmt":"2021-10-21T13:14:23","slug":"premium-clean-s-truck","status":"publish","type":"product","link":"https:\/\/www.optimarti.com\/miltecar\/producto\/premium-clean-s-truck\/","title":{"rendered":"Premium Clean S Truck"},"content":{"rendered":"","protected":false},"excerpt":{"rendered":"<p class=\"p1\">Producto alcalino concentrado, especialmente desarrollado para lavado qu\u00edmico de todo tipo de veh\u00edculos, especialmente veh\u00edculos de transporte. Altamente eficaz para limpieza de lonas y bajos de los veh\u00edculos.<\/p>\n<p>Aplicaciones: Aplicar diluido del 5% al 10%.<\/p>\n<p>Presentaci\u00f3n: 20 Kg<\/p>\n","protected":false},"featured_media":3383,"template":"","meta":[],"product_cat":[65,80,67],"product_tag":[],"class_list":{"0":"post-3292","1":"product","2":"type-product","3":"status-publish","4":"has-post-thumbnail","6":"product_cat-productos-de-limpieza-industriales-para-coches","7":"product_cat-productos-industriales-para-el-lavado-de-coches","8":"product_cat-productos-de-lavado-para-coches"},"_links":{"self":[{"href":"https:\/\/www.optimarti.com\/miltecar\/wp-json\/wp\/v2\/product\/3292","targetHints":{"allow":["GET"]}}],"collection":[{"href":"https:\/\/www.optimarti.com\/miltecar\/wp-json\/wp\/v2\/product"}],"about":[{"href":"https:\/\/www.optimarti.com\/miltecar\/wp-json\/wp\/v2\/types\/product"}],"wp:featuredmedia":[{"embeddable":true,"href":"https:\/\/www.optimarti.com\/miltecar\/wp-json\/wp\/v2\/media\/3383"}],"wp:attachment":[{"href":"https:\/\/www.optimarti.com\/miltecar\/wp-json\/wp\/v2\/media?parent=3292"}],"wp:term":[{"taxonomy":"product_cat","embeddable":true,"href":"https:\/\/www.optimarti.com\/miltecar\/wp-json\/wp\/v2\/product_cat?post=3292"},{"taxonomy":"product_tag","embeddable":true,"href":"https:\/\/www.optimarti.com\/miltecar\/wp-json\/wp\/v2\/product_tag?post=3292"}],"curies":[{"name":"wp","href":"https:\/\/api.w.org\/{rel}","templated":true}]}}