{"id":3293,"date":"2021-10-11T13:49:14","date_gmt":"2021-10-11T11:49:14","guid":{"rendered":"https:\/\/www.optimarti.com\/miltecar\/?post_type=product&#038;p=3293"},"modified":"2021-10-21T15:13:41","modified_gmt":"2021-10-21T13:13:41","slug":"premium-clean-sp-truck","status":"publish","type":"product","link":"https:\/\/www.optimarti.com\/miltecar\/producto\/premium-clean-sp-truck\/","title":{"rendered":"Premium Clean SP Truck"},"content":{"rendered":"","protected":false},"excerpt":{"rendered":"<p class=\"p1\">Producto de elevado poder espumante concentrado, para la limpieza de llantas, mosquitos, carrocer\u00edas, bajos de veh\u00edculos, poluci\u00f3n est\u00e1tica, humos, etc.<\/p>\n<p>Aplicaciones: Aplicar diluido del 5% al 10%.<\/p>\n<p>Presentaci\u00f3n: 20 Kg<\/p>\n","protected":false},"featured_media":3432,"template":"","meta":[],"product_cat":[65,80,67],"product_tag":[],"class_list":{"0":"post-3293","1":"product","2":"type-product","3":"status-publish","4":"has-post-thumbnail","6":"product_cat-productos-de-limpieza-industriales-para-coches","7":"product_cat-productos-industriales-para-el-lavado-de-coches","8":"product_cat-productos-de-lavado-para-coches"},"_links":{"self":[{"href":"https:\/\/www.optimarti.com\/miltecar\/wp-json\/wp\/v2\/product\/3293","targetHints":{"allow":["GET"]}}],"collection":[{"href":"https:\/\/www.optimarti.com\/miltecar\/wp-json\/wp\/v2\/product"}],"about":[{"href":"https:\/\/www.optimarti.com\/miltecar\/wp-json\/wp\/v2\/types\/product"}],"wp:featuredmedia":[{"embeddable":true,"href":"https:\/\/www.optimarti.com\/miltecar\/wp-json\/wp\/v2\/media\/3432"}],"wp:attachment":[{"href":"https:\/\/www.optimarti.com\/miltecar\/wp-json\/wp\/v2\/media?parent=3293"}],"wp:term":[{"taxonomy":"product_cat","embeddable":true,"href":"https:\/\/www.optimarti.com\/miltecar\/wp-json\/wp\/v2\/product_cat?post=3293"},{"taxonomy":"product_tag","embeddable":true,"href":"https:\/\/www.optimarti.com\/miltecar\/wp-json\/wp\/v2\/product_tag?post=3293"}],"curies":[{"name":"wp","href":"https:\/\/api.w.org\/{rel}","templated":true}]}}