{"id":3294,"date":"2021-10-11T13:50:11","date_gmt":"2021-10-11T11:50:11","guid":{"rendered":"https:\/\/www.optimarti.com\/miltecar\/?post_type=product&#038;p=3294"},"modified":"2021-10-21T15:13:13","modified_gmt":"2021-10-21T13:13:13","slug":"premium-cc-acid","status":"publish","type":"product","link":"https:\/\/www.optimarti.com\/miltecar\/producto\/premium-cc-acid\/","title":{"rendered":"Premium CC Acid"},"content":{"rendered":"","protected":false},"excerpt":{"rendered":"<p class=\"p1\">Detergente concentrado \u00e1cido. especialmente indicado para la total eliminaci\u00f3n de incrustaciones calc\u00e1reas y de hormig\u00f3n. Ideal para la total eliminaci\u00f3n del hormig\u00f3n y de la cal incrustada en las superficies met\u00e1licas y en las cisternas.<\/p>\n<p>Aplicaciones: Aplicar diluido desde el 15% hasta puro.<\/p>\n<p>Presentaci\u00f3n: 20 Kg<\/p>\n","protected":false},"featured_media":3382,"template":"","meta":[],"product_cat":[65,80,75],"product_tag":[],"class_list":{"0":"post-3294","1":"product","2":"type-product","3":"status-publish","4":"has-post-thumbnail","6":"product_cat-productos-de-limpieza-industriales-para-coches","7":"product_cat-productos-industriales-para-el-lavado-de-coches","8":"product_cat-detergentes-acidos-para-la-limpieza-de-coches"},"_links":{"self":[{"href":"https:\/\/www.optimarti.com\/miltecar\/wp-json\/wp\/v2\/product\/3294","targetHints":{"allow":["GET"]}}],"collection":[{"href":"https:\/\/www.optimarti.com\/miltecar\/wp-json\/wp\/v2\/product"}],"about":[{"href":"https:\/\/www.optimarti.com\/miltecar\/wp-json\/wp\/v2\/types\/product"}],"wp:featuredmedia":[{"embeddable":true,"href":"https:\/\/www.optimarti.com\/miltecar\/wp-json\/wp\/v2\/media\/3382"}],"wp:attachment":[{"href":"https:\/\/www.optimarti.com\/miltecar\/wp-json\/wp\/v2\/media?parent=3294"}],"wp:term":[{"taxonomy":"product_cat","embeddable":true,"href":"https:\/\/www.optimarti.com\/miltecar\/wp-json\/wp\/v2\/product_cat?post=3294"},{"taxonomy":"product_tag","embeddable":true,"href":"https:\/\/www.optimarti.com\/miltecar\/wp-json\/wp\/v2\/product_tag?post=3294"}],"curies":[{"name":"wp","href":"https:\/\/api.w.org\/{rel}","templated":true}]}}