{"id":3297,"date":"2021-10-11T13:53:39","date_gmt":"2021-10-11T11:53:39","guid":{"rendered":"https:\/\/www.optimarti.com\/miltecar\/?post_type=product&#038;p=3297"},"modified":"2021-10-21T15:11:58","modified_gmt":"2021-10-21T13:11:58","slug":"limpia-llantas","status":"publish","type":"product","link":"https:\/\/www.optimarti.com\/miltecar\/producto\/limpia-llantas\/","title":{"rendered":"Limpia llantas"},"content":{"rendered":"","protected":false},"excerpt":{"rendered":"<p class=\"p1\">Es un potente limpiador neutro concentrado especialmente formulado para la limpieza de llantas de aluminio, pintadas y cromadas. Tambi\u00e9n es muy eficaz para la eliminaci\u00f3n de mosquitos, grasas, aceites, etc.<\/p>\n<p>Aplicaciones: Pulverizar directamente sobre la superficie, dejar actuar unos segundos y aclarar con presi\u00f3n de agua en todos los casos. En caso de no tener presi\u00f3n de agua ayudar con cepillo o pa\u00f1o y a continuaci\u00f3n aclarar.<\/p>\n<p>Presentaci\u00f3n: 20 Kg<\/p>\n","protected":false},"featured_media":3440,"template":"","meta":[],"product_cat":[65,81,76,75],"product_tag":[],"class_list":{"0":"post-3297","1":"product","2":"type-product","3":"status-publish","4":"has-post-thumbnail","6":"product_cat-productos-de-limpieza-industriales-para-coches","7":"product_cat-limpieza-industrial-de-complementos-del-coche","8":"product_cat-proctos-de-limpieza-para-complementos-de-coches","9":"product_cat-detergentes-acidos-para-la-limpieza-de-coches"},"_links":{"self":[{"href":"https:\/\/www.optimarti.com\/miltecar\/wp-json\/wp\/v2\/product\/3297","targetHints":{"allow":["GET"]}}],"collection":[{"href":"https:\/\/www.optimarti.com\/miltecar\/wp-json\/wp\/v2\/product"}],"about":[{"href":"https:\/\/www.optimarti.com\/miltecar\/wp-json\/wp\/v2\/types\/product"}],"wp:featuredmedia":[{"embeddable":true,"href":"https:\/\/www.optimarti.com\/miltecar\/wp-json\/wp\/v2\/media\/3440"}],"wp:attachment":[{"href":"https:\/\/www.optimarti.com\/miltecar\/wp-json\/wp\/v2\/media?parent=3297"}],"wp:term":[{"taxonomy":"product_cat","embeddable":true,"href":"https:\/\/www.optimarti.com\/miltecar\/wp-json\/wp\/v2\/product_cat?post=3297"},{"taxonomy":"product_tag","embeddable":true,"href":"https:\/\/www.optimarti.com\/miltecar\/wp-json\/wp\/v2\/product_tag?post=3297"}],"curies":[{"name":"wp","href":"https:\/\/api.w.org\/{rel}","templated":true}]}}