{"id":3299,"date":"2021-10-11T13:55:58","date_gmt":"2021-10-11T11:55:58","guid":{"rendered":"https:\/\/www.optimarti.com\/miltecar\/?post_type=product&#038;p=3299"},"modified":"2021-10-21T15:11:24","modified_gmt":"2021-10-21T13:11:24","slug":"acabado-final-brillante","status":"publish","type":"product","link":"https:\/\/www.optimarti.com\/miltecar\/producto\/acabado-final-brillante\/","title":{"rendered":"Acabado final brillante"},"content":{"rendered":"","protected":false},"excerpt":{"rendered":"<p class=\"p1\">Producto dise\u00f1ado para un acabado brillante del veh\u00edculo, repele el polvo, protege de condiciones metereol\u00f3gicas extremas y se aplica f\u00e1cilmente.<\/p>\n<p>Aplicaciones: Pulverizar la superficie y a continuaci\u00f3n extender con una bayeta de microfibra hasta que el producto se adhiera a la superficie, con otra bayeta seca sacar brillo. La superficie debe estar seca y limpia para esta aplicaci\u00f3n.<\/p>\n<p>Presentaci\u00f3n: 20 Kg<\/p>\n","protected":false},"featured_media":3438,"template":"","meta":[],"product_cat":[65,81,76,75],"product_tag":[],"class_list":{"0":"post-3299","1":"product","2":"type-product","3":"status-publish","4":"has-post-thumbnail","6":"product_cat-productos-de-limpieza-industriales-para-coches","7":"product_cat-limpieza-industrial-de-complementos-del-coche","8":"product_cat-proctos-de-limpieza-para-complementos-de-coches","9":"product_cat-detergentes-acidos-para-la-limpieza-de-coches"},"_links":{"self":[{"href":"https:\/\/www.optimarti.com\/miltecar\/wp-json\/wp\/v2\/product\/3299","targetHints":{"allow":["GET"]}}],"collection":[{"href":"https:\/\/www.optimarti.com\/miltecar\/wp-json\/wp\/v2\/product"}],"about":[{"href":"https:\/\/www.optimarti.com\/miltecar\/wp-json\/wp\/v2\/types\/product"}],"wp:featuredmedia":[{"embeddable":true,"href":"https:\/\/www.optimarti.com\/miltecar\/wp-json\/wp\/v2\/media\/3438"}],"wp:attachment":[{"href":"https:\/\/www.optimarti.com\/miltecar\/wp-json\/wp\/v2\/media?parent=3299"}],"wp:term":[{"taxonomy":"product_cat","embeddable":true,"href":"https:\/\/www.optimarti.com\/miltecar\/wp-json\/wp\/v2\/product_cat?post=3299"},{"taxonomy":"product_tag","embeddable":true,"href":"https:\/\/www.optimarti.com\/miltecar\/wp-json\/wp\/v2\/product_tag?post=3299"}],"curies":[{"name":"wp","href":"https:\/\/api.w.org\/{rel}","templated":true}]}}