{"id":3302,"date":"2021-10-11T13:58:42","date_gmt":"2021-10-11T11:58:42","guid":{"rendered":"https:\/\/www.optimarti.com\/miltecar\/?post_type=product&#038;p=3302"},"modified":"2021-10-21T15:10:07","modified_gmt":"2021-10-21T13:10:07","slug":"detergente-con-cera-2","status":"publish","type":"product","link":"https:\/\/www.optimarti.com\/miltecar\/producto\/detergente-con-cera-2\/","title":{"rendered":"Detergente con cera"},"content":{"rendered":"","protected":false},"excerpt":{"rendered":"<p class=\"p1\">Formulado para el lavado de veh\u00edculos con un alto grado de suciedad, mosquitos, aceites, etc. Su formula \u00fanica con cera carnauba aporta brillo aparte de un lavado de alta calidad.<\/p>\n<p>Aplicaciones: Enjuagar previamente el veh\u00edculo para eliminar polvo y suciedad superficial. Aplicar un poco de producto en un recipiente con agua y frotar con una esponja o cepillo, lavar el coche por secciones aclarando a continuaci\u00f3n la misma con agua, el coche debe de estar fr\u00edo para que el lavado sea de calidad y no da\u00f1ar ning\u00fan material como pueden ser cromados.<\/p>\n<p>Presentaci\u00f3n: 20 Kg<\/p>\n","protected":false},"featured_media":3435,"template":"","meta":[],"product_cat":[65,81,76,75],"product_tag":[],"class_list":{"0":"post-3302","1":"product","2":"type-product","3":"status-publish","4":"has-post-thumbnail","6":"product_cat-productos-de-limpieza-industriales-para-coches","7":"product_cat-limpieza-industrial-de-complementos-del-coche","8":"product_cat-proctos-de-limpieza-para-complementos-de-coches","9":"product_cat-detergentes-acidos-para-la-limpieza-de-coches"},"_links":{"self":[{"href":"https:\/\/www.optimarti.com\/miltecar\/wp-json\/wp\/v2\/product\/3302","targetHints":{"allow":["GET"]}}],"collection":[{"href":"https:\/\/www.optimarti.com\/miltecar\/wp-json\/wp\/v2\/product"}],"about":[{"href":"https:\/\/www.optimarti.com\/miltecar\/wp-json\/wp\/v2\/types\/product"}],"wp:featuredmedia":[{"embeddable":true,"href":"https:\/\/www.optimarti.com\/miltecar\/wp-json\/wp\/v2\/media\/3435"}],"wp:attachment":[{"href":"https:\/\/www.optimarti.com\/miltecar\/wp-json\/wp\/v2\/media?parent=3302"}],"wp:term":[{"taxonomy":"product_cat","embeddable":true,"href":"https:\/\/www.optimarti.com\/miltecar\/wp-json\/wp\/v2\/product_cat?post=3302"},{"taxonomy":"product_tag","embeddable":true,"href":"https:\/\/www.optimarti.com\/miltecar\/wp-json\/wp\/v2\/product_tag?post=3302"}],"curies":[{"name":"wp","href":"https:\/\/api.w.org\/{rel}","templated":true}]}}