{"id":3303,"date":"2021-10-11T13:59:35","date_gmt":"2021-10-11T11:59:35","guid":{"rendered":"https:\/\/www.optimarti.com\/miltecar\/?post_type=product&#038;p=3303"},"modified":"2021-10-21T15:09:40","modified_gmt":"2021-10-21T13:09:40","slug":"recuperador-de-plasticos","status":"publish","type":"product","link":"https:\/\/www.optimarti.com\/miltecar\/producto\/recuperador-de-plasticos\/","title":{"rendered":"Recuperador de pl\u00e1sticos"},"content":{"rendered":"","protected":false},"excerpt":{"rendered":"<p class=\"p1\">Producto dise\u00f1ado para rejuvenecer pl\u00e1sticos exteriores y neum\u00e1ticos. Gran capacidad de brillo y adhesi\u00f3n a la superficie a tratar.<\/p>\n<p>Aplicaciones: En neum\u00e1ticos aplicar en una esponja o brocha y repartir el producto de manera uniforme. En parachoques, molduras y marcos de las ventanillas aplicar con una bayeta de forma cuidadosa para no manchar pinturas ni cristales.<\/p>\n<p>Presentaci\u00f3n: 20 Kg<\/p>\n","protected":false},"featured_media":3434,"template":"","meta":[],"product_cat":[65,81,76,75],"product_tag":[],"class_list":{"0":"post-3303","1":"product","2":"type-product","3":"status-publish","4":"has-post-thumbnail","6":"product_cat-productos-de-limpieza-industriales-para-coches","7":"product_cat-limpieza-industrial-de-complementos-del-coche","8":"product_cat-proctos-de-limpieza-para-complementos-de-coches","9":"product_cat-detergentes-acidos-para-la-limpieza-de-coches"},"_links":{"self":[{"href":"https:\/\/www.optimarti.com\/miltecar\/wp-json\/wp\/v2\/product\/3303","targetHints":{"allow":["GET"]}}],"collection":[{"href":"https:\/\/www.optimarti.com\/miltecar\/wp-json\/wp\/v2\/product"}],"about":[{"href":"https:\/\/www.optimarti.com\/miltecar\/wp-json\/wp\/v2\/types\/product"}],"wp:featuredmedia":[{"embeddable":true,"href":"https:\/\/www.optimarti.com\/miltecar\/wp-json\/wp\/v2\/media\/3434"}],"wp:attachment":[{"href":"https:\/\/www.optimarti.com\/miltecar\/wp-json\/wp\/v2\/media?parent=3303"}],"wp:term":[{"taxonomy":"product_cat","embeddable":true,"href":"https:\/\/www.optimarti.com\/miltecar\/wp-json\/wp\/v2\/product_cat?post=3303"},{"taxonomy":"product_tag","embeddable":true,"href":"https:\/\/www.optimarti.com\/miltecar\/wp-json\/wp\/v2\/product_tag?post=3303"}],"curies":[{"name":"wp","href":"https:\/\/api.w.org\/{rel}","templated":true}]}}